{"id":2761,"date":"2025-08-15T10:15:34","date_gmt":"2025-08-15T10:15:34","guid":{"rendered":"https:\/\/alynatravel.com\/?page_id=2761"},"modified":"2025-08-15T10:17:17","modified_gmt":"2025-08-15T10:17:17","slug":"elba","status":"publish","type":"page","link":"https:\/\/alynatravel.com\/de\/elba\/","title":{"rendered":"Elba"},"content":{"rendered":"<style>.elementor-2761 .elementor-element.elementor-element-2b648851 > .elementor-background-overlay{background-color:var( --e-global-color-primary );opacity:0.48;transition:background 0.3s, border-radius 0.3s, opacity 0.3s;}.elementor-2761 .elementor-element.elementor-element-2b648851{transition:background 0.3s, border 0.3s, border-radius 0.3s, box-shadow 0.3s;margin-top:0px;margin-bottom:0px;padding:200px 0px 100px 0px;}.elementor-2761 .elementor-element.elementor-element-490e1f03 > .elementor-element-populated{margin:0px 0px 0px 0px;--e-column-margin-right:0px;--e-column-margin-left:0px;padding:0px 0px 0px 0px;}.elementor-2761 .elementor-element.elementor-element-69a0da5b{text-align:center;}.elementor-2761 .elementor-element.elementor-element-df168dc{text-align:center;color:#FFFFFF;}.elementor-2761 .elementor-element.elementor-element-3a65ee3{--spacer-size:200px;}.elementor-2761 .elementor-element.elementor-element-6e0152bf{margin-top:0px;margin-bottom:0px;padding:100px 0px 100px 0px;}.elementor-2761 .elementor-element.elementor-element-589a6da9 > .elementor-element-populated{margin:0px 0px 0px 0px;--e-column-margin-right:0px;--e-column-margin-left:0px;padding:0px 0px 0px 0px;}.elementor-2761 .elementor-element.elementor-element-6cd6cc3b{text-align:center;}.elementor-2761 .elementor-element.elementor-element-f36432f{--display:flex;--flex-direction:column;--container-widget-width:100%;--container-widget-height:initial;--container-widget-flex-grow:0;--container-widget-align-self:initial;--flex-wrap-mobile:wrap;}.elementor-2761 .elementor-element.elementor-element-6be89ea{--display:flex;}.elementor-2761 .elementor-element.elementor-element-46ad817{--display:flex;}.elementor-2761 .elementor-element.elementor-element-ac3e055{--n-tabs-heading-wrap:wrap;--n-tabs-heading-overflow-x:initial;--n-tabs-title-white-space:initial;}.elementor-2761 .elementor-element.elementor-element-ac3e055.elementor-widget-n-tabs > .elementor-widget-container > .e-n-tabs[data-touch-mode='false'] > .e-n-tabs-heading > .e-n-tab-title[aria-selected=\"false\"]:hover{background:var( --e-global-color-faaca01 );}.elementor-2761 .elementor-element.elementor-element-ac3e055.elementor-widget-n-tabs > .elementor-widget-container > .e-n-tabs > .e-n-tabs-heading > .e-n-tab-title[aria-selected=\"true\"], .elementor-2761 .elementor-element.elementor-element-ac3e055.elementor-widget-n-tabs > .elementor-widget-container > .e-n-tabs[data-touch-mode='true'] > .e-n-tabs-heading > .e-n-tab-title[aria-selected=\"false\"]:hover{background:var( --e-global-color-faaca01 );}@media(max-width:1024px){.elementor-2761 .elementor-element.elementor-element-2b648851{margin-top:0px;margin-bottom:0px;padding:200px 30px 100px 30px;}.elementor-2761 .elementor-element.elementor-element-6e0152bf{margin-top:0px;margin-bottom:0px;padding:100px 30px 100px 30px;}}@media(max-width:767px){.elementor-2761 .elementor-element.elementor-element-2b648851{padding:170px 20px 100px 20px;}.elementor-2761 .elementor-element.elementor-element-6e0152bf{margin-top:0px;margin-bottom:0px;padding:100px 20px 100px 20px;}}<\/style>\t\t<div data-elementor-type=\"wp-page\" data-elementor-id=\"2761\" class=\"elementor elementor-2761\">\n\t\t\t\t\t\t<section class=\"elementor-section elementor-top-section elementor-element elementor-element-2b648851 elementor-section-boxed elementor-section-height-default elementor-section-height-default\" data-id=\"2b648851\" data-element_type=\"section\" data-e-type=\"section\" data-settings=\"{&quot;background_background&quot;:&quot;slideshow&quot;,&quot;background_slideshow_gallery&quot;:[{&quot;id&quot;:1426,&quot;url&quot;:&quot;https:\\\/\\\/alynatravel.com\\\/wp-content\\\/uploads\\\/2024\\\/12\\\/PADI-Deep-Diver-800x379-1.png&quot;}],&quot;background_slideshow_loop&quot;:&quot;yes&quot;,&quot;background_slideshow_slide_duration&quot;:5000,&quot;background_slideshow_slide_transition&quot;:&quot;fade&quot;,&quot;background_slideshow_transition_duration&quot;:500}\">\n\t\t\t\t\t\t\t<div class=\"elementor-background-overlay\"><\/div>\n\t\t\t\t\t\t\t<div class=\"elementor-container elementor-column-gap-default\">\n\t\t\t\t\t<div class=\"elementor-column elementor-col-100 elementor-top-column elementor-element elementor-element-490e1f03\" data-id=\"490e1f03\" data-element_type=\"column\" data-e-type=\"column\">\n\t\t\t<div class=\"elementor-widget-wrap elementor-element-populated\">\n\t\t\t\t\t\t<div class=\"elementor-element elementor-element-3a65ee3 elementor-widget elementor-widget-spacer\" data-id=\"3a65ee3\" data-element_type=\"widget\" data-e-type=\"widget\" data-widget_type=\"spacer.default\">\n\t\t\t\t<div class=\"elementor-widget-container\">\n\t\t\t\t\t\t\t<div class=\"elementor-spacer\">\n\t\t\t<div class=\"elementor-spacer-inner\"><\/div>\n\t\t<\/div>\n\t\t\t\t\t\t<\/div>\n\t\t\t\t<\/div>\n\t\t\t\t\t<\/div>\n\t\t<\/div>\n\t\t\t\t\t<\/div>\n\t\t<\/section>\n\t\t\t\t<section class=\"elementor-section elementor-top-section elementor-element elementor-element-6e0152bf elementor-section-boxed elementor-section-height-default elementor-section-height-default\" data-id=\"6e0152bf\" data-element_type=\"section\" data-e-type=\"section\">\n\t\t\t\t\t\t<div class=\"elementor-container elementor-column-gap-default\">\n\t\t\t\t\t<div class=\"elementor-column elementor-col-100 elementor-top-column elementor-element elementor-element-589a6da9\" data-id=\"589a6da9\" data-element_type=\"column\" data-e-type=\"column\">\n\t\t\t<div class=\"elementor-widget-wrap elementor-element-populated\">\n\t\t\t\t\t\t<div class=\"elementor-element elementor-element-6cd6cc3b elementor-widget elementor-widget-heading\" data-id=\"6cd6cc3b\" data-element_type=\"widget\" data-e-type=\"widget\" data-widget_type=\"heading.default\">\n\t\t\t\t<div class=\"elementor-widget-container\">\n\t\t\t\t\t<h2 class=\"elementor-heading-title elementor-size-default\">Elba<\/h2>\t\t\t\t<\/div>\n\t\t\t\t<\/div>\n\t\t\t\t\t<\/div>\n\t\t<\/div>\n\t\t\t\t\t<\/div>\n\t\t<\/section>\n\t\t<div class=\"elementor-element elementor-element-f36432f e-flex e-con-boxed e-con e-parent\" data-id=\"f36432f\" data-element_type=\"container\" data-e-type=\"container\">\n\t\t\t\t\t<div class=\"e-con-inner\">\n\t\t\t\t<div class=\"elementor-element elementor-element-ac3e055 e-n-tabs-mobile elementor-widget elementor-widget-n-tabs\" data-id=\"ac3e055\" data-element_type=\"widget\" data-e-type=\"widget\" data-settings=\"{&quot;horizontal_scroll&quot;:&quot;disable&quot;}\" data-widget_type=\"nested-tabs.default\">\n\t\t\t\t<div class=\"elementor-widget-container\">\n\t\t\t\t\t\t\t<div class=\"e-n-tabs\" data-widget-number=\"180609109\" aria-label=\"Tabs. Open items with Enter or Space, close with Escape and navigate using the Arrow keys.\">\n\t\t\t<div class=\"e-n-tabs-heading\" role=\"tablist\">\n\t\t\t\t\t<button id=\"e-n-tab-title-1806091091\" data-tab-title-id=\"e-n-tab-title-1806091091\" class=\"e-n-tab-title\" aria-selected=\"true\" data-tab-index=\"1\" role=\"tab\" tabindex=\"0\" aria-controls=\"e-n-tab-content-1806091091\" style=\"--n-tabs-title-order: 1;\">\n\t\t\t\t\t\t<span class=\"e-n-tab-title-text\">\n\t\t\t\tReiseplan\t\t\t<\/span>\n\t\t<\/button>\n\t\t\t\t<button id=\"e-n-tab-title-1806091092\" data-tab-title-id=\"e-n-tab-title-1806091092\" class=\"e-n-tab-title\" aria-selected=\"false\" data-tab-index=\"2\" role=\"tab\" tabindex=\"-1\" aria-controls=\"e-n-tab-content-1806091092\" style=\"--n-tabs-title-order: 2;\">\n\t\t\t\t\t\t<span class=\"e-n-tab-title-text\">\n\t\t\t\tKarte\t\t\t<\/span>\n\t\t<\/button>\n\t\t\t\t\t<\/div>\n\t\t\t<div class=\"e-n-tabs-content\">\n\t\t\t\t<div id=\"e-n-tab-content-1806091091\" role=\"tabpanel\" aria-labelledby=\"e-n-tab-title-1806091091\" data-tab-index=\"1\" style=\"--n-tabs-title-order: 1;\" class=\"e-active elementor-element elementor-element-6be89ea e-con-full e-flex e-con e-child\" data-id=\"6be89ea\" data-element_type=\"container\" data-e-type=\"container\">\n\t\t\t\t<div class=\"elementor-element elementor-element-6addab6 elementor-widget elementor-widget-text-editor\" data-id=\"6addab6\" data-element_type=\"widget\" data-e-type=\"widget\" data-widget_type=\"text-editor.default\">\n\t\t\t\t<div class=\"elementor-widget-container\">\n\t\t\t\t\t\t\t\t\t<div id=\"bgLayers_comp-m5ybegfc7\" class=\"MW5IWV\" data-hook=\"bgLayers\" data-motion-part=\"BG_LAYER comp-m5ybegfc7\"><div id=\"bgMedia_comp-m5ybegfc7\" class=\"VgO9Yg\" data-motion-part=\"BG_MEDIA comp-m5ybegfc7\"><p class=\"font_8 wixui-rich-text__text\"><strong>Tag 1:<\/strong> Ankunft am Boot und Check-in auf dem Boot (Marsa Alam)<\/p><p class=\"font_8 wixui-rich-text__text\"><strong>Tag 2:<\/strong> 2 Check-Tauchg\u00e4nge Shaab Marsa Alam<\/p><p class=\"font_8 wixui-rich-text__text\"><strong>Tag 3:<\/strong> 3 Tauchg\u00e4nge St. John&#8217;s Reef (Big Gotta, Small Gotta, Um Arouk)<\/p><p class=\"font_8 wixui-rich-text__text\"><strong>Tag 4:<\/strong> 3 Tauchg\u00e4nge Elba Reef, Elba Reef Fingers<\/p><\/div><\/div><div id=\"bgLayers_comp-m5ybegfc7\" class=\"MW5IWV\" data-hook=\"bgLayers\" data-motion-part=\"BG_LAYER comp-m5ybegfc7\"><div id=\"bgMedia_comp-m5ybegfc7\" class=\"VgO9Yg\" data-motion-part=\"BG_MEDIA comp-m5ybegfc7\"><p class=\"font_8 wixui-rich-text__text\"><strong>Tag 5:<\/strong> 4 Tauchg\u00e4nge \u2060Shaab Shagga, Abo Tees<\/p><p class=\"font_8 wixui-rich-text__text\"><strong>Tag 6:<\/strong> 3 Tauchg\u00e4nge Shaab Shalalat, Flugzeug, Ohrub<\/p><p class=\"font_8 wixui-rich-text__text\"><strong>Tag 7:<\/strong> 4 Tauchg\u00e4nge Abo Galawa Keber, St. John&#8217;s Caves<\/p><p class=\"font_8 wixui-rich-text__text\"><strong>Tag 8:<\/strong> 4 Shaab Claudia, Abo Galawa, Insel Syial<\/p><p class=\"font_8 wixui-rich-text__text\"><strong>Tag 9:<\/strong> 2 Tauchg\u00e4nge Habili Marsa Allam, zur\u00fcck zur Marina<\/p><p class=\"font_8 wixui-rich-text__text\"><strong>Tag 10:<\/strong> Fr\u00fchst\u00fcck, Check-out, Abschied und Transfer zum Flughafen<\/p><\/div><\/div>\t\t\t\t\t\t\t\t<\/div>\n\t\t\t\t<\/div>\n\t\t\t\t<\/div>\n\t\t<div id=\"e-n-tab-content-1806091092\" role=\"tabpanel\" aria-labelledby=\"e-n-tab-title-1806091092\" data-tab-index=\"2\" style=\"--n-tabs-title-order: 2;\" class=\" elementor-element elementor-element-46ad817 e-con-full e-flex e-con e-child\" data-id=\"46ad817\" data-element_type=\"container\" data-e-type=\"container\">\n\t\t\t\t<div class=\"elementor-element elementor-element-a8b6429 elementor-widget elementor-widget-image\" data-id=\"a8b6429\" data-element_type=\"widget\" data-e-type=\"widget\" data-widget_type=\"image.default\">\n\t\t\t\t<div class=\"elementor-widget-container\">\n\t\t\t\t\t\t\t\t\t\t\t\t\t\t\t<img fetchpriority=\"high\" decoding=\"async\" width=\"886\" height=\"574\" src=\"https:\/\/alynatravel.com\/wp-content\/uploads\/2025\/08\/Map_elba.jpg\" class=\"attachment-full size-full wp-image-2763\" alt=\"\" srcset=\"https:\/\/alynatravel.com\/wp-content\/uploads\/2025\/08\/Map_elba.jpg 886w, https:\/\/alynatravel.com\/wp-content\/uploads\/2025\/08\/Map_elba-300x194.jpg 300w, https:\/\/alynatravel.com\/wp-content\/uploads\/2025\/08\/Map_elba-768x498.jpg 768w, https:\/\/alynatravel.com\/wp-content\/uploads\/2025\/08\/Map_elba-600x389.jpg 600w\" sizes=\"(max-width: 886px) 100vw, 886px\" \/>\t\t\t\t\t\t\t\t\t\t\t\t\t\t\t<\/div>\n\t\t\t\t<\/div>\n\t\t\t\t<\/div>\n\t\t\t\t\t<\/div>\n\t\t<\/div>\n\t\t\t\t\t\t<\/div>\n\t\t\t\t<\/div>\n\t\t\t\t\t<\/div>\n\t\t\t\t<\/div>\n\t\t\t\t<\/div>\n\t\t","protected":false},"excerpt":{"rendered":"<p>Elba Reiseplan Karte Tag 1: Ankunft am Boot und Check-in auf dem Boot (Marsa Alam) Tag 2: 2 Check-Tauchg\u00e4nge Shaab Marsa Alam Tag 3: 3 Tauchg\u00e4nge St. John&#8217;s Reef (Big Gotta, Small Gotta, Um Arouk) Tag 4: 3 Tauchg\u00e4nge Elba Reef, Elba Reef Fingers Tag 5: 4 Tauchg\u00e4nge \u2060Shaab Shagga, Abo Tees Tag 6: 3&hellip;<\/p>\n","protected":false},"author":1,"featured_media":0,"parent":0,"menu_order":0,"comment_status":"closed","ping_status":"closed","template":"elementor_header_footer","meta":{"footnotes":""},"class_list":["post-2761","page","type-page","status-publish","hentry"],"_links":{"self":[{"href":"https:\/\/alynatravel.com\/de\/wp-json\/wp\/v2\/pages\/2761","targetHints":{"allow":["GET"]}}],"collection":[{"href":"https:\/\/alynatravel.com\/de\/wp-json\/wp\/v2\/pages"}],"about":[{"href":"https:\/\/alynatravel.com\/de\/wp-json\/wp\/v2\/types\/page"}],"author":[{"embeddable":true,"href":"https:\/\/alynatravel.com\/de\/wp-json\/wp\/v2\/users\/1"}],"replies":[{"embeddable":true,"href":"https:\/\/alynatravel.com\/de\/wp-json\/wp\/v2\/comments?post=2761"}],"version-history":[{"count":4,"href":"https:\/\/alynatravel.com\/de\/wp-json\/wp\/v2\/pages\/2761\/revisions"}],"predecessor-version":[{"id":2767,"href":"https:\/\/alynatravel.com\/de\/wp-json\/wp\/v2\/pages\/2761\/revisions\/2767"}],"wp:attachment":[{"href":"https:\/\/alynatravel.com\/de\/wp-json\/wp\/v2\/media?parent=2761"}],"curies":[{"name":"wp","href":"https:\/\/api.w.org\/{rel}","templated":true}]}}