{"id":1697,"date":"2025-01-11T13:58:32","date_gmt":"2025-01-11T13:58:32","guid":{"rendered":"https:\/\/sleepy-galileo.213-167-227-117.plesk.page\/product\/digitaler-unterwasserfotograf\/"},"modified":"2025-01-11T13:58:32","modified_gmt":"2025-01-11T13:58:32","slug":"digitaler-unterwasserfotograf","status":"publish","type":"product","link":"https:\/\/alynatravel.com\/de\/produkt\/digitaler-unterwasserfotograf\/","title":{"rendered":"Digitaler Unterwasserfotograf"},"content":{"rendered":"<p>W\u00e4hrend des Kurses Digitaler Unterwasserfotograf lernen Sie, wie Sie Unterwasserfotos machen, die Sie mit Stolz mit anderen teilen k\u00f6nnen.<\/p>\n<p>Vermeiden Sie Anf\u00e4ngerfehler und verk\u00fcrzen Sie die Lernkurve mit Tipps von Profis. Lernen Sie, wie Sie Unterwasserfotografie-Lichter (Stroboskope) verwenden, R\u00fcckstreuung vermeiden und Farben verbessern. <\/p>\n","protected":false},"excerpt":{"rendered":"<p>W\u00e4hrend des Kurses Digitaler Unterwasserfotograf lernen Sie, wie Sie Unterwasserfotos machen, die Sie mit Stolz mit anderen teilen k\u00f6nnen. Vermeiden Sie Anf\u00e4ngerfehler und verk\u00fcrzen Sie die Lernkurve mit Tipps von Profis. Lernen Sie, wie Sie Unterwasserfotografie-Lichter (Stroboskope) verwenden, R\u00fcckstreuung vermeiden und Farben verbessern.<\/p>\n","protected":false},"featured_media":1530,"comment_status":"open","ping_status":"closed","template":"","meta":[],"product_brand":[],"product_cat":[55],"product_tag":[],"class_list":{"0":"post-1697","1":"product","2":"type-product","3":"status-publish","4":"has-post-thumbnail","6":"product_cat-professionell","8":"first","9":"instock","10":"shipping-taxable","11":"purchasable","12":"product-type-simple"},"_links":{"self":[{"href":"https:\/\/alynatravel.com\/de\/wp-json\/wp\/v2\/product\/1697","targetHints":{"allow":["GET"]}}],"collection":[{"href":"https:\/\/alynatravel.com\/de\/wp-json\/wp\/v2\/product"}],"about":[{"href":"https:\/\/alynatravel.com\/de\/wp-json\/wp\/v2\/types\/product"}],"replies":[{"embeddable":true,"href":"https:\/\/alynatravel.com\/de\/wp-json\/wp\/v2\/comments?post=1697"}],"wp:featuredmedia":[{"embeddable":true,"href":"https:\/\/alynatravel.com\/de\/wp-json\/wp\/v2\/media\/1530"}],"wp:attachment":[{"href":"https:\/\/alynatravel.com\/de\/wp-json\/wp\/v2\/media?parent=1697"}],"wp:term":[{"taxonomy":"product_brand","embeddable":true,"href":"https:\/\/alynatravel.com\/de\/wp-json\/wp\/v2\/product_brand?post=1697"},{"taxonomy":"product_cat","embeddable":true,"href":"https:\/\/alynatravel.com\/de\/wp-json\/wp\/v2\/product_cat?post=1697"},{"taxonomy":"product_tag","embeddable":true,"href":"https:\/\/alynatravel.com\/de\/wp-json\/wp\/v2\/product_tag?post=1697"}],"curies":[{"name":"wp","href":"https:\/\/api.w.org\/{rel}","templated":true}]}}