{"id":1705,"date":"2025-01-11T12:21:54","date_gmt":"2025-01-11T12:21:54","guid":{"rendered":"https:\/\/sleepy-galileo.213-167-227-117.plesk.page\/product\/adaptive-techniken\/"},"modified":"2025-01-11T12:21:54","modified_gmt":"2025-01-11T12:21:54","slug":"adaptive-techniken","status":"publish","type":"product","link":"https:\/\/alynatravel.com\/de\/produkt\/adaptive-techniken\/","title":{"rendered":"Adaptive Techniken"},"content":{"rendered":"<p>Wir haben eine lange und erfolgreiche Geschichte in der Arbeit mit Tauchern mit Behinderungen. Unser Ansatz bei der Tauchausbildung ist (und war schon immer) inklusiv: Jeder, der die Voraussetzungen f\u00fcr einen Kurs erf\u00fcllt, ist willkommen, sich anzumelden.<\/p>\n<p>Fachleute haben eine lange und erfolgreiche Geschichte in der Arbeit mit Tauchern mit Behinderungen: Jeder, der die Voraussetzungen f\u00fcr einen Kurs erf\u00fcllt, ist willkommen. Der Spezialkurs Adaptive Techniken baut auf dieser Grundlage auf, indem er die Ausbildung der Tauchprofis erweitert und sie auf sch\u00fclerzentrierte und pr\u00e4skriptive Ans\u00e4tze bei der Anpassung der Techniken an die Bed\u00fcrfnisse der Taucher vorbereitet.  <\/p>\n<p>Divemaster oder Master Freediver, die innerhalb von 24 Monaten den EFR Primary und Secondary Care Kurs abgeschlossen haben, sind berechtigt, den Adaptive Techniques Specialty Kurs zu absolvieren.<\/p>\n","protected":false},"excerpt":{"rendered":"<p>Wir haben eine lange und erfolgreiche Geschichte in der Arbeit mit Tauchern mit Behinderungen. Unser Ansatz bei der Tauchausbildung ist (und war schon immer) inklusiv: Jeder, der die Voraussetzungen f\u00fcr einen Kurs erf\u00fcllt, ist willkommen, sich anzumelden. Fachleute haben eine lange und erfolgreiche Geschichte in der Arbeit mit Tauchern mit Behinderungen: Jeder, der die Voraussetzungen&hellip;<\/p>\n","protected":false},"featured_media":1529,"comment_status":"open","ping_status":"closed","template":"","meta":[],"product_brand":[],"product_cat":[55],"product_tag":[],"class_list":{"0":"post-1705","1":"product","2":"type-product","3":"status-publish","4":"has-post-thumbnail","6":"product_cat-professionell","8":"first","9":"instock","10":"shipping-taxable","11":"purchasable","12":"product-type-simple"},"_links":{"self":[{"href":"https:\/\/alynatravel.com\/de\/wp-json\/wp\/v2\/product\/1705","targetHints":{"allow":["GET"]}}],"collection":[{"href":"https:\/\/alynatravel.com\/de\/wp-json\/wp\/v2\/product"}],"about":[{"href":"https:\/\/alynatravel.com\/de\/wp-json\/wp\/v2\/types\/product"}],"replies":[{"embeddable":true,"href":"https:\/\/alynatravel.com\/de\/wp-json\/wp\/v2\/comments?post=1705"}],"wp:featuredmedia":[{"embeddable":true,"href":"https:\/\/alynatravel.com\/de\/wp-json\/wp\/v2\/media\/1529"}],"wp:attachment":[{"href":"https:\/\/alynatravel.com\/de\/wp-json\/wp\/v2\/media?parent=1705"}],"wp:term":[{"taxonomy":"product_brand","embeddable":true,"href":"https:\/\/alynatravel.com\/de\/wp-json\/wp\/v2\/product_brand?post=1705"},{"taxonomy":"product_cat","embeddable":true,"href":"https:\/\/alynatravel.com\/de\/wp-json\/wp\/v2\/product_cat?post=1705"},{"taxonomy":"product_tag","embeddable":true,"href":"https:\/\/alynatravel.com\/de\/wp-json\/wp\/v2\/product_tag?post=1705"}],"curies":[{"name":"wp","href":"https:\/\/api.w.org\/{rel}","templated":true}]}}