{"id":1706,"date":"2025-01-11T12:14:11","date_gmt":"2025-01-11T12:14:11","guid":{"rendered":"https:\/\/sleepy-galileo.213-167-227-117.plesk.page\/product\/tauchen-gegen-truemmerdive-against-debris\/"},"modified":"2025-03-17T14:48:28","modified_gmt":"2025-03-17T14:48:28","slug":"tauchen-gegen-truemmerdive-against-debris","status":"publish","type":"product","link":"https:\/\/alynatravel.com\/de\/produkt\/tauchen-gegen-truemmerdive-against-debris\/","title":{"rendered":"Tauchen gegen Tr\u00fcmmer"},"content":{"rendered":"<p>Du kannst bei jedem Tauchgang etwas bewirken, indem du deinen inneren Forschergeist aktivierst. W\u00e4hrend des Dive Against Debris<sup>\u00ae<\/sup> Diver Specialty-Kurses lernst du, wie du durch die S\u00e4uberung der Ozeane von Plastik und M\u00fcll nicht nur deine lokalen Tauchpl\u00e4tze ges\u00fcnder h\u00e4ltst, sondern auch zu einer globalen Datenbank beitr\u00e4gst, die das M\u00fcllproblem unseres Planeten dokumentiert. Unter der Anleitung deines Tauchlehrers nimmst du an einer Dive Against Debris-Umfrage teil und setzt deine Leidenschaft f\u00fcr die Unterwasserwelt in die Tat um.<\/p>\n","protected":false},"excerpt":{"rendered":"<p>Du kannst bei jedem Tauchgang etwas bewirken, indem du deinen inneren Forschergeist aktivierst. W\u00e4hrend des Dive Against Debris\u00ae Diver Specialty-Kurses lernst du, wie du durch die S\u00e4uberung der Ozeane von Plastik und M\u00fcll nicht nur deine lokalen Tauchpl\u00e4tze ges\u00fcnder h\u00e4ltst, sondern auch zu einer globalen Datenbank beitr\u00e4gst, die das M\u00fcllproblem unseres Planeten dokumentiert. Unter der&hellip;<\/p>\n","protected":false},"featured_media":1528,"comment_status":"open","ping_status":"closed","template":"","meta":[],"product_brand":[],"product_cat":[55],"product_tag":[],"class_list":{"0":"post-1706","1":"product","2":"type-product","3":"status-publish","4":"has-post-thumbnail","6":"product_cat-professionell","8":"first","9":"instock","10":"shipping-taxable","11":"purchasable","12":"product-type-simple"},"_links":{"self":[{"href":"https:\/\/alynatravel.com\/de\/wp-json\/wp\/v2\/product\/1706","targetHints":{"allow":["GET"]}}],"collection":[{"href":"https:\/\/alynatravel.com\/de\/wp-json\/wp\/v2\/product"}],"about":[{"href":"https:\/\/alynatravel.com\/de\/wp-json\/wp\/v2\/types\/product"}],"replies":[{"embeddable":true,"href":"https:\/\/alynatravel.com\/de\/wp-json\/wp\/v2\/comments?post=1706"}],"wp:featuredmedia":[{"embeddable":true,"href":"https:\/\/alynatravel.com\/de\/wp-json\/wp\/v2\/media\/1528"}],"wp:attachment":[{"href":"https:\/\/alynatravel.com\/de\/wp-json\/wp\/v2\/media?parent=1706"}],"wp:term":[{"taxonomy":"product_brand","embeddable":true,"href":"https:\/\/alynatravel.com\/de\/wp-json\/wp\/v2\/product_brand?post=1706"},{"taxonomy":"product_cat","embeddable":true,"href":"https:\/\/alynatravel.com\/de\/wp-json\/wp\/v2\/product_cat?post=1706"},{"taxonomy":"product_tag","embeddable":true,"href":"https:\/\/alynatravel.com\/de\/wp-json\/wp\/v2\/product_tag?post=1706"}],"curies":[{"name":"wp","href":"https:\/\/api.w.org\/{rel}","templated":true}]}}