{"id":1707,"date":"2025-01-11T12:06:45","date_gmt":"2025-01-11T12:06:45","guid":{"rendered":"https:\/\/sleepy-galileo.213-167-227-117.plesk.page\/product\/trockenanzug-taucher\/"},"modified":"2025-01-11T12:06:45","modified_gmt":"2025-01-11T12:06:45","slug":"trockenanzug-taucher","status":"publish","type":"product","link":"https:\/\/alynatravel.com\/de\/produkt\/trockenanzug-taucher\/","title":{"rendered":"Trockenanzug-Taucher"},"content":{"rendered":"<p>Im Gegensatz zu Neoprenanz\u00fcgen sind Trockenanz\u00fcge mit Luft gef\u00fcllt. W\u00e4hrend Ihres Trockenanzugkurses wird Ihnen Ihr Tauchlehrer beibringen, wie Sie die Luft in Ihrem Trockenanzug und Ihren Auftrieb kontrollieren k\u00f6nnen. <\/p>\n<p>Sie lernen auch etwas \u00fcber die verschiedenen Arten von Trockentauchanz\u00fcgen, grundlegende Reparaturen und Wartung von Trockentauchanz\u00fcgen.<\/p>\n","protected":false},"excerpt":{"rendered":"<p>Im Gegensatz zu Neoprenanz\u00fcgen sind Trockenanz\u00fcge mit Luft gef\u00fcllt. W\u00e4hrend Ihres Trockenanzugkurses wird Ihnen Ihr Tauchlehrer beibringen, wie Sie die Luft in Ihrem Trockenanzug und Ihren Auftrieb kontrollieren k\u00f6nnen. Sie lernen auch etwas \u00fcber die verschiedenen Arten von Trockentauchanz\u00fcgen, grundlegende Reparaturen und Wartung von Trockentauchanz\u00fcgen.<\/p>\n","protected":false},"featured_media":1527,"comment_status":"open","ping_status":"closed","template":"","meta":[],"product_brand":[],"product_cat":[55],"product_tag":[],"class_list":{"0":"post-1707","1":"product","2":"type-product","3":"status-publish","4":"has-post-thumbnail","6":"product_cat-professionell","8":"first","9":"instock","10":"shipping-taxable","11":"purchasable","12":"product-type-simple"},"_links":{"self":[{"href":"https:\/\/alynatravel.com\/de\/wp-json\/wp\/v2\/product\/1707","targetHints":{"allow":["GET"]}}],"collection":[{"href":"https:\/\/alynatravel.com\/de\/wp-json\/wp\/v2\/product"}],"about":[{"href":"https:\/\/alynatravel.com\/de\/wp-json\/wp\/v2\/types\/product"}],"replies":[{"embeddable":true,"href":"https:\/\/alynatravel.com\/de\/wp-json\/wp\/v2\/comments?post=1707"}],"wp:featuredmedia":[{"embeddable":true,"href":"https:\/\/alynatravel.com\/de\/wp-json\/wp\/v2\/media\/1527"}],"wp:attachment":[{"href":"https:\/\/alynatravel.com\/de\/wp-json\/wp\/v2\/media?parent=1707"}],"wp:term":[{"taxonomy":"product_brand","embeddable":true,"href":"https:\/\/alynatravel.com\/de\/wp-json\/wp\/v2\/product_brand?post=1707"},{"taxonomy":"product_cat","embeddable":true,"href":"https:\/\/alynatravel.com\/de\/wp-json\/wp\/v2\/product_cat?post=1707"},{"taxonomy":"product_tag","embeddable":true,"href":"https:\/\/alynatravel.com\/de\/wp-json\/wp\/v2\/product_tag?post=1707"}],"curies":[{"name":"wp","href":"https:\/\/api.w.org\/{rel}","templated":true}]}}