{"id":1708,"date":"2025-01-11T10:47:35","date_gmt":"2025-01-11T10:47:35","guid":{"rendered":"https:\/\/sleepy-galileo.213-167-227-117.plesk.page\/product\/spitzenleistung\/"},"modified":"2025-03-24T15:34:52","modified_gmt":"2025-03-24T15:34:52","slug":"spitzenleistung","status":"publish","type":"product","link":"https:\/\/alynatravel.com\/de\/produkt\/spitzenleistung\/","title":{"rendered":"Spitzenleistung"},"content":{"rendered":"<p>Ausgezeichnete Tarierung ist das, was erfahrene Taucher ausmacht. Du hast sie unter Wasser gesehen. Sie gleiten m\u00fchelos, verbrauchen weniger Luft und steigen auf, sinken ab oder schweben fast von selbst. Sie k\u00f6nnen das Leben im Wasser besser beobachten, ohne ihre Umgebung zu st\u00f6ren. Auch Sie k\u00f6nnen dies erreichen. Der Peak Performance Buoyancy Specialty Kurs verbessert die Tarierungsf\u00e4higkeiten, die du als neuer Taucher gelernt hast, und hebt sie auf die n\u00e4chste Stufe.<\/p>\n<p>Junior Open Water Divers oder h\u00f6her, die mindestens 10 Jahre alt sind, sind berechtigt, den Peak Performance Buoyancy Kurs zu absolvieren.<\/p>\n","protected":false},"excerpt":{"rendered":"<p>Ausgezeichnete Tarierung ist das, was erfahrene Taucher ausmacht. Du hast sie unter Wasser gesehen. Sie gleiten m\u00fchelos, verbrauchen weniger Luft und steigen auf, sinken ab oder schweben fast von selbst. Sie k\u00f6nnen das Leben im Wasser besser beobachten, ohne ihre Umgebung zu st\u00f6ren. Auch Sie k\u00f6nnen dies erreichen. Der Peak Performance Buoyancy Specialty Kurs verbessert&hellip;<\/p>\n","protected":false},"featured_media":1525,"comment_status":"open","ping_status":"closed","template":"","meta":[],"product_brand":[],"product_cat":[55],"product_tag":[],"class_list":{"0":"post-1708","1":"product","2":"type-product","3":"status-publish","4":"has-post-thumbnail","6":"product_cat-professionell","8":"first","9":"instock","10":"shipping-taxable","11":"purchasable","12":"product-type-simple"},"_links":{"self":[{"href":"https:\/\/alynatravel.com\/de\/wp-json\/wp\/v2\/product\/1708","targetHints":{"allow":["GET"]}}],"collection":[{"href":"https:\/\/alynatravel.com\/de\/wp-json\/wp\/v2\/product"}],"about":[{"href":"https:\/\/alynatravel.com\/de\/wp-json\/wp\/v2\/types\/product"}],"replies":[{"embeddable":true,"href":"https:\/\/alynatravel.com\/de\/wp-json\/wp\/v2\/comments?post=1708"}],"wp:featuredmedia":[{"embeddable":true,"href":"https:\/\/alynatravel.com\/de\/wp-json\/wp\/v2\/media\/1525"}],"wp:attachment":[{"href":"https:\/\/alynatravel.com\/de\/wp-json\/wp\/v2\/media?parent=1708"}],"wp:term":[{"taxonomy":"product_brand","embeddable":true,"href":"https:\/\/alynatravel.com\/de\/wp-json\/wp\/v2\/product_brand?post=1708"},{"taxonomy":"product_cat","embeddable":true,"href":"https:\/\/alynatravel.com\/de\/wp-json\/wp\/v2\/product_cat?post=1708"},{"taxonomy":"product_tag","embeddable":true,"href":"https:\/\/alynatravel.com\/de\/wp-json\/wp\/v2\/product_tag?post=1708"}],"curies":[{"name":"wp","href":"https:\/\/api.w.org\/{rel}","templated":true}]}}