{"id":1709,"date":"2024-12-29T12:05:48","date_gmt":"2024-12-29T12:05:48","guid":{"rendered":"https:\/\/sleepy-galileo.213-167-227-117.plesk.page\/product\/wracktaucher\/"},"modified":"2024-12-29T12:05:48","modified_gmt":"2024-12-29T12:05:48","slug":"wracktaucher","status":"publish","type":"product","link":"https:\/\/alynatravel.com\/de\/produkt\/wracktaucher\/","title":{"rendered":"Wracktaucher"},"content":{"rendered":"<p>Um sich f\u00fcr den Wracktaucherkurs anzumelden, m\u00fcssen Sie mindestens 15 Jahre alt sein und den Open Water Diver Kurs erfolgreich abgeschlossen haben.<\/p>\n<p>W\u00e4hrend des Wracktauchkurses werden Sie die F\u00e4higkeiten, Kenntnisse, Planung, Organisation, Verfahren, Techniken, Probleme und Gefahren des Wracktauchens kennen lernen.<\/p>\n<p>Ihr Ausbilder wird Ihnen beibringen, wie Sie sicher auf und um ein Wrack herum navigieren k\u00f6nnen. Er zeigt Ihnen, wie man eine Vermessung durchf\u00fchrt und wie man eine Kartierung vornimmt. Der Kurs behandelt auch die Techniken der Leinenbenutzung. Ihr Tauchlehrer wird Ihnen auch die richtigen Flossenschl\u00e4ge beibringen, um die Sicht zu erhalten. Er wird Sie auch \u00fcber die richtige Tauchausr\u00fcstung f\u00fcr das Tauchen an Wracks informieren.    <\/p>\n<p>Der Wracks Diver Kurs kombiniert visuelle, lesende, schriftliche und praktische Lerntechniken, um sicherzustellen, dass Sie jeden Abschnitt des Kurses wirklich verstehen.<\/p>\n<p>W\u00e4hrend der 4 Freiwassertauchg\u00e4nge werden Sie die Gelegenheit haben, das Gelernte in die Praxis umzusetzen. Sie werden an einem Wrack so navigieren, dass der Aufstiegspunkt gefunden werden kann, ohne an die Oberfl\u00e4che zur\u00fcckzukehren. Du erkundest die Au\u00dfenseite des Wracks, bleibst dabei gut getrimmt und erkennst und vermeidest potenzielle Gefahren unter der Aufsicht deines Tauchlehrers. Sie \u00fcben, neutral zu bleiben und Ihren K\u00f6rper so zu positionieren, dass Sie den Boden nicht ber\u00fchren. Sie untersuchen, ob ein Wrack betreten werden kann und beurteilen, wo sich m\u00f6gliche Eing\u00e4nge befinden. Ihr Ausbilder zeigt Ihnen, wie man eine Sicherheitsleine aufrollt, und Sie \u00fcben dies auch in einem Buddy-Team. Sie werden auch entlang der Sicherheitsleine navigieren, und zwar so, dass der Kontakt mit der Leine aufrechterhalten wird und Sie eine Tauchlampe benutzen.      <\/p>\n<p>Wracks sprechen f\u00fcr sich selbst! Erleben Sie es selbst und machen Sie den Wracktaucherkurs bei uns. <\/p>\n<p><strong>Zertifizierung: <\/strong>Nach Abschluss des Kurses erhalten Sie Ihr Wracktaucher-Zertifikat.<\/p>\n<p><strong>Dauer: <\/strong>Die Dauer des Kurses betr\u00e4gt 2 Tage.<\/p>\n<p><strong>Zeitplan: Tag 1: <\/strong>Theorie, Wissens\u00fcberpr\u00fcfung und 2 Wracktauchg\u00e4nge.<\/p>\n<p>Tag 2: 2 Wracktauchg\u00e4nge.<\/p>\n<p><strong>Der Kurs umfasst:<\/strong><\/p>\n<ul>\n<li>Taucherausr\u00fcstung<\/li>\n<li>Tauchlehrer<\/li>\n<li>Tank 12-Liter-Tanks<\/li>\n<li>Gewichte<\/li>\n<li>Zertifikat &amp; Handbuch<\/li>\n<\/ul>\n<p><strong>Das Programm schlie\u00dft aus:<\/strong><\/p>\n<ul>\n<li>Kosten f\u00fcr zus\u00e4tzliche Aktivit\u00e4ten<\/li>\n<li>Unterwasserfotografie &amp; Fotosession an Bord<\/li>\n<li>Transfer von und nach Soma Bay (10 Euro\/Pax), El Gouna (10 Euro\/Pax), Safaga (15 Euro\/Pax)<\/li>\n<li>15-Liter-Tanks<\/li>\n<\/ul>\n","protected":false},"excerpt":{"rendered":"<p>Um sich f\u00fcr den Wracktaucherkurs anzumelden, m\u00fcssen Sie mindestens 15 Jahre alt sein und den Open Water Diver Kurs erfolgreich abgeschlossen haben. W\u00e4hrend des Wracktauchkurses werden Sie die F\u00e4higkeiten, Kenntnisse, Planung, Organisation, Verfahren, Techniken, Probleme und Gefahren des Wracktauchens kennen lernen. Ihr Ausbilder wird Ihnen beibringen, wie Sie sicher auf und um ein Wrack herum&hellip;<\/p>\n","protected":false},"featured_media":1427,"comment_status":"open","ping_status":"closed","template":"","meta":[],"product_brand":[],"product_cat":[55],"product_tag":[],"class_list":{"0":"post-1709","1":"product","2":"type-product","3":"status-publish","4":"has-post-thumbnail","6":"product_cat-professionell","8":"first","9":"instock","10":"shipping-taxable","11":"purchasable","12":"product-type-simple"},"_links":{"self":[{"href":"https:\/\/alynatravel.com\/de\/wp-json\/wp\/v2\/product\/1709","targetHints":{"allow":["GET"]}}],"collection":[{"href":"https:\/\/alynatravel.com\/de\/wp-json\/wp\/v2\/product"}],"about":[{"href":"https:\/\/alynatravel.com\/de\/wp-json\/wp\/v2\/types\/product"}],"replies":[{"embeddable":true,"href":"https:\/\/alynatravel.com\/de\/wp-json\/wp\/v2\/comments?post=1709"}],"wp:featuredmedia":[{"embeddable":true,"href":"https:\/\/alynatravel.com\/de\/wp-json\/wp\/v2\/media\/1427"}],"wp:attachment":[{"href":"https:\/\/alynatravel.com\/de\/wp-json\/wp\/v2\/media?parent=1709"}],"wp:term":[{"taxonomy":"product_brand","embeddable":true,"href":"https:\/\/alynatravel.com\/de\/wp-json\/wp\/v2\/product_brand?post=1709"},{"taxonomy":"product_cat","embeddable":true,"href":"https:\/\/alynatravel.com\/de\/wp-json\/wp\/v2\/product_cat?post=1709"},{"taxonomy":"product_tag","embeddable":true,"href":"https:\/\/alynatravel.com\/de\/wp-json\/wp\/v2\/product_tag?post=1709"}],"curies":[{"name":"wp","href":"https:\/\/api.w.org\/{rel}","templated":true}]}}