{"id":1710,"date":"2024-12-29T12:01:35","date_gmt":"2024-12-29T12:01:35","guid":{"rendered":"https:\/\/sleepy-galileo.213-167-227-117.plesk.page\/product\/tieftaucher\/"},"modified":"2024-12-29T12:01:35","modified_gmt":"2024-12-29T12:01:35","slug":"tieftaucher","status":"publish","type":"product","link":"https:\/\/alynatravel.com\/de\/produkt\/tieftaucher\/","title":{"rendered":"Tieftaucher"},"content":{"rendered":"<p>Oft gibt es in den Tiefengrenzen f\u00fcr Sporttaucher noch viel zu sehen, so dass diese zus\u00e4tzlichen 10 Meter Tiefe f\u00fcr viele Tauchpl\u00e4tze auf der ganzen Welt einen gro\u00dfen Vorteil darstellen.<\/p>\n<p>Um am Tieftaucherkurs teilzunehmen, musst du dein Advanced Open Water Diver Zertifikat haben und mindestens 15 Jahre alt sein.<\/p>\n<p>Der Kurs ist als sichere Einf\u00fchrung in das Tieftauchen gedacht.<\/p>\n<p><strong>Die folgenden Themen werden im Tieftaucherkurs behandelt:<\/strong><\/p>\n<ul>\n<li>Planung, Organisation und Verfahren des Tieftauchens.<\/li>\n<li>Techniken, Probleme und Gefahren des Tieftauchens.<\/li>\n<li>Risikofaktoren und eine Auffrischung der Theorie hinter den Dekompressionstabellen.<\/li>\n<li>Sicherheitsstopps und Notfalldekompressionsverfahren.<\/li>\n<li>Spezielle Ausr\u00fcstung, Abstiegsleinen und \u00dcberlegungen zum Trimmen.<\/li>\n<li>Verfahren f\u00fcr das Tauchen in gro\u00dfen H\u00f6hen und das Fliegen nach dem Tauchen.<\/li>\n<li>Orientierung an den Rekompressionskammern.<\/li>\n<li>Gasmanagement und Ber\u00fccksichtigung der Gasnarkose.<\/li>\n<li>Verfahren zur Kontaktaufnahme mit dem Partner und Tarierungskontrolle.<\/li>\n<\/ul>\n<p>W\u00e4hrend 4 Freiwassertauchg\u00e4ngen k\u00f6nnen Sie das in der Theorie Gelernte in die Praxis umsetzen.<\/p>\n<p>Tiefere Tauchg\u00e4nge bedeuten, dass Sie Ihrer Tauchgangsplanung, dem Management Ihres Luftvorrats und der Sicherheit mehr Aufmerksamkeit schenken m\u00fcssen, um einen reibungslosen Ablauf des Tauchgangs zu gew\u00e4hrleisten.<\/p>\n<p>Nach Erhalt des Tieftaucher-Zertifikats sind Sie berechtigt, mit Ihrem Tauchpartner bis zu einer Tiefe von maximal 40 Metern zu tauchen.<\/p>\n<p>Wenn Sie von diesen zus\u00e4tzlichen Metern profitieren und eine neue Unterwasserfauna und -flora entdecken m\u00f6chten, kontaktieren Sie uns und buchen Sie den Tieftaucherkurs.<\/p>\n<p><strong>Zertifizierung: <\/strong>Das Tieftaucher-Zertifikat wird am Ende des Kurses erworben.<\/p>\n<p><strong>Dauer:<\/strong> Sie ben\u00f6tigen 2 Tage, um den Kurs abzuschlie\u00dfen.<\/p>\n<p><strong>Zeitplan:<\/strong> Tag 1: \u00dcberpr\u00fcfung der Kenntnisse und F\u00e4higkeiten<\/p>\n<p>Die Tauchg\u00e4nge 1 und 2 werden zwischen 18 und maximal 30 Metern durchgef\u00fchrt.<\/p>\n<p>Tag 2: \u00dcberpr\u00fcfung der Kenntnisse und F\u00e4higkeiten.<\/p>\n<p>Tauchgang 3 wird zwischen 30 und maximal 40 Metern durchgef\u00fchrt.<\/p>\n<p>Der Tauchgang 4 wird zwischen 18 und maximal 30 Metern durchgef\u00fchrt.<\/p>\n<p><strong>Der Kurs umfasst:<\/strong><\/p>\n<ul>\n<li>Taucherausr\u00fcstung<\/li>\n<li>Tauchlehrer<\/li>\n<li>Tank 12-Liter-Tanks<\/li>\n<li>Gewichte<\/li>\n<li>Zertifikat &amp; Handbuch<\/li>\n<\/ul>\n<p><strong>Das Programm schlie\u00dft aus:<\/strong><\/p>\n<ul>\n<li>Kosten f\u00fcr zus\u00e4tzliche Aktivit\u00e4ten<\/li>\n<li>Unterwasserfotografie &amp; Fotosession an Bord<\/li>\n<li>Transfer von und nach Soma Bay (10 Euro\/Pax), El Gouna (10 Euro\/Pax), Safaga (15 Euro\/Pax)<\/li>\n<li>15-Liter-Tanks<\/li>\n<\/ul>\n","protected":false},"excerpt":{"rendered":"<p>Oft gibt es in den Tiefengrenzen f\u00fcr Sporttaucher noch viel zu sehen, so dass diese zus\u00e4tzlichen 10 Meter Tiefe f\u00fcr viele Tauchpl\u00e4tze auf der ganzen Welt einen gro\u00dfen Vorteil darstellen. Um am Tieftaucherkurs teilzunehmen, musst du dein Advanced Open Water Diver Zertifikat haben und mindestens 15 Jahre alt sein. Der Kurs ist als sichere Einf\u00fchrung&hellip;<\/p>\n","protected":false},"featured_media":1426,"comment_status":"open","ping_status":"closed","template":"","meta":[],"product_brand":[],"product_cat":[55],"product_tag":[],"class_list":{"0":"post-1710","1":"product","2":"type-product","3":"status-publish","4":"has-post-thumbnail","6":"product_cat-professionell","8":"first","9":"instock","10":"shipping-taxable","11":"purchasable","12":"product-type-simple"},"_links":{"self":[{"href":"https:\/\/alynatravel.com\/de\/wp-json\/wp\/v2\/product\/1710","targetHints":{"allow":["GET"]}}],"collection":[{"href":"https:\/\/alynatravel.com\/de\/wp-json\/wp\/v2\/product"}],"about":[{"href":"https:\/\/alynatravel.com\/de\/wp-json\/wp\/v2\/types\/product"}],"replies":[{"embeddable":true,"href":"https:\/\/alynatravel.com\/de\/wp-json\/wp\/v2\/comments?post=1710"}],"wp:featuredmedia":[{"embeddable":true,"href":"https:\/\/alynatravel.com\/de\/wp-json\/wp\/v2\/media\/1426"}],"wp:attachment":[{"href":"https:\/\/alynatravel.com\/de\/wp-json\/wp\/v2\/media?parent=1710"}],"wp:term":[{"taxonomy":"product_brand","embeddable":true,"href":"https:\/\/alynatravel.com\/de\/wp-json\/wp\/v2\/product_brand?post=1710"},{"taxonomy":"product_cat","embeddable":true,"href":"https:\/\/alynatravel.com\/de\/wp-json\/wp\/v2\/product_cat?post=1710"},{"taxonomy":"product_tag","embeddable":true,"href":"https:\/\/alynatravel.com\/de\/wp-json\/wp\/v2\/product_tag?post=1710"}],"curies":[{"name":"wp","href":"https:\/\/api.w.org\/{rel}","templated":true}]}}