{"id":1711,"date":"2024-12-29T11:58:10","date_gmt":"2024-12-29T11:58:10","guid":{"rendered":"https:\/\/sleepy-galileo.213-167-227-117.plesk.page\/product\/kurs-fuer-taucher-mit-angereicherter-luft-nitrox\/"},"modified":"2024-12-29T11:58:10","modified_gmt":"2024-12-29T11:58:10","slug":"kurs-fuer-taucher-mit-angereicherter-luft-nitrox","status":"publish","type":"product","link":"https:\/\/alynatravel.com\/de\/produkt\/kurs-fuer-taucher-mit-angereicherter-luft-nitrox\/","title":{"rendered":"Kurs f\u00fcr Taucher mit angereicherter Luft (Nitrox)"},"content":{"rendered":"<p>Die neueste M\u00f6glichkeit, mehr Zeit unter Wasser zu verbringen, besteht darin, mit angereicherter Luft zu tauchen. Besser bekannt als Nitrox, kann diese sauerstoffreichere Tauchgasmischung dazu f\u00fchren, dass Sie sich weniger erm\u00fcdet f\u00fchlen und Ihre Grundzeit verl\u00e4ngert wird. <\/p>\n<p>Wenn Sie sich f\u00fcr den Enriched Air (Nitrox) Kurs anmelden m\u00f6chten, m\u00fcssen Sie als Open Water Taucher zertifiziert und mindestens 12 Jahre alt sein.<\/p>\n<p>Wenn Sie l\u00e4nger unten bleiben und schneller wieder ins Wasser kommen wollen, dann z\u00f6gern Sie nicht, Taucher mit angereicherter Luft zu werden. Kontaktieren Sie uns und buchen Sie den Enriched Air Diver (Nitrox) Kurs. <\/p>\n<p>F\u00fcr diejenigen, die es nicht wissen: Was genau ist angereicherte Luft? Nun, es ist ein Gemisch, das mehr Sauerstoff und weniger Stickstoff enth\u00e4lt als die Luft, die Sie normalerweise einatmen. Die beiden gebr\u00e4uchlichsten Mischungen von angereicherter Luft sind die mit 32 % Sauerstoff und die mit 36 % Sauerstoff.  <\/p>\n<p>W\u00e4hrend des Kurses lernen Sie, wie Sie Ihren Tauchcomputer f\u00fcr das Tauchen mit angereicherter Luft einstellen. Ihr Tauchlehrer wird Ihnen auch beibringen, wie Sie die Sauerstoffexposition kontrollieren k\u00f6nnen. Sie werden \u00fcben, wie Sie den Sauerstoffgehalt in Ihrer Flasche \u00fcberpr\u00fcfen und analysieren k\u00f6nnen. Ihr Tauchlehrer wird mit Ihnen alle Aspekte der Tauchausr\u00fcstung f\u00fcr das Tauchen mit angereicherter Luft besprechen. Sicherheitsaspekte beim Tauchen mit angereicherter Luft sind definitiv ein Thema dieses Kurses. Ihr Tauchlehrer wird Ihnen auch erkl\u00e4ren, warum das Tauchen mit angereicherter Luft es Ihnen erm\u00f6glicht, l\u00e4nger zu tauchen und fr\u00fcher wieder ins Wasser zu gehen.     <\/p>\n<p>Nach Abschluss des Enriched Air Diver (Nitrox) Kurses sind Sie zertifiziert, Nitrox bis zu einem Maximum von 40 % als Sporttauchgas zu verwenden.<\/p>\n<p><strong>Zertifizierung:<\/strong> Mit Abschluss des Kurses erhalten Sie das Enriched Air Diver Specialty-Zertifikat.<\/p>\n<p><strong>Dauer: <\/strong>Die Durchf\u00fchrung dauert 1\/2 bis 1 Tag.<\/p>\n<p><strong>Zeitplan:<\/strong><\/p>\n<p>Die Reihenfolge der Themen ist flexibel und umfasst:<\/p>\n<ul>\n<li>Theoriemodul im Klassenzimmer.<\/li>\n<li>Ein Tauchgang mit angereicherter Luft kann organisiert werden, um das Gelernte in die Praxis umzusetzen.<\/li>\n<\/ul>\n<p><strong>Der Kurs umfasst:<\/strong><\/p>\n<ul>\n<li>Taucherausr\u00fcstung<\/li>\n<li>Tauchlehrer<\/li>\n<li>Tank 12-Liter-Tanks<\/li>\n<li>Gewichte<\/li>\n<li>Zertifikat &amp; Handbuch<\/li>\n<\/ul>\n<p><strong>Das Programm schlie\u00dft aus:<\/strong><\/p>\n<ul>\n<li>Kosten f\u00fcr zus\u00e4tzliche Aktivit\u00e4ten<\/li>\n<li>Unterwasserfotografie &amp; Fotosession an Bord<\/li>\n<li>Transfer von und nach Soma Bay (10 Euro\/Pax), El Gouna (10 Euro\/Pax), Safaga (15 Euro\/Pax)<\/li>\n<li>15-Liter-Tanks<\/li>\n<\/ul>\n","protected":false},"excerpt":{"rendered":"<p>Die neueste M\u00f6glichkeit, mehr Zeit unter Wasser zu verbringen, besteht darin, mit angereicherter Luft zu tauchen. Besser bekannt als Nitrox, kann diese sauerstoffreichere Tauchgasmischung dazu f\u00fchren, dass Sie sich weniger erm\u00fcdet f\u00fchlen und Ihre Grundzeit verl\u00e4ngert wird. Wenn Sie sich f\u00fcr den Enriched Air (Nitrox) Kurs anmelden m\u00f6chten, m\u00fcssen Sie als Open Water Taucher zertifiziert&hellip;<\/p>\n","protected":false},"featured_media":1425,"comment_status":"open","ping_status":"closed","template":"","meta":[],"product_brand":[],"product_cat":[55],"product_tag":[],"class_list":{"0":"post-1711","1":"product","2":"type-product","3":"status-publish","4":"has-post-thumbnail","6":"product_cat-professionell","8":"first","9":"instock","10":"shipping-taxable","11":"purchasable","12":"product-type-simple"},"_links":{"self":[{"href":"https:\/\/alynatravel.com\/de\/wp-json\/wp\/v2\/product\/1711","targetHints":{"allow":["GET"]}}],"collection":[{"href":"https:\/\/alynatravel.com\/de\/wp-json\/wp\/v2\/product"}],"about":[{"href":"https:\/\/alynatravel.com\/de\/wp-json\/wp\/v2\/types\/product"}],"replies":[{"embeddable":true,"href":"https:\/\/alynatravel.com\/de\/wp-json\/wp\/v2\/comments?post=1711"}],"wp:featuredmedia":[{"embeddable":true,"href":"https:\/\/alynatravel.com\/de\/wp-json\/wp\/v2\/media\/1425"}],"wp:attachment":[{"href":"https:\/\/alynatravel.com\/de\/wp-json\/wp\/v2\/media?parent=1711"}],"wp:term":[{"taxonomy":"product_brand","embeddable":true,"href":"https:\/\/alynatravel.com\/de\/wp-json\/wp\/v2\/product_brand?post=1711"},{"taxonomy":"product_cat","embeddable":true,"href":"https:\/\/alynatravel.com\/de\/wp-json\/wp\/v2\/product_cat?post=1711"},{"taxonomy":"product_tag","embeddable":true,"href":"https:\/\/alynatravel.com\/de\/wp-json\/wp\/v2\/product_tag?post=1711"}],"curies":[{"name":"wp","href":"https:\/\/api.w.org\/{rel}","templated":true}]}}