{"id":1712,"date":"2024-12-29T11:55:31","date_gmt":"2024-12-29T11:55:31","guid":{"rendered":"https:\/\/sleepy-galileo.213-167-227-117.plesk.page\/product\/emergency-first-response-cpr-aed\/"},"modified":"2024-12-29T11:55:31","modified_gmt":"2024-12-29T11:55:31","slug":"emergency-first-response-cpr-aed","status":"publish","type":"product","link":"https:\/\/alynatravel.com\/de\/produkt\/emergency-first-response-cpr-aed\/","title":{"rendered":"Emergency First Response\u00ae \u2013 CPR &amp; AED"},"content":{"rendered":"<h4>Was ist der EFR-Dienst?<\/h4>\n<p>Der Emergency First Response (EFR)-Dienst soll Personen mit den notwendigen F\u00e4higkeiten ausstatten, um in Notf\u00e4llen erste Hilfe zu leisten. Bei dieser Schulung geht es nicht nur um Herz-Lungen-Wiederbelebung und Erste-Hilfe-Ma\u00dfnahmen, sondern die Teilnehmer lernen auch, wie sie mit verschiedenen Situationen sicher umgehen k\u00f6nnen. <\/p>\n<p data-start=\"0\" data-end=\"83\"><strong data-start=\"0\" data-end=\"81\">Bereiten Sie sich darauf vor, ein Leben zu retten, indem Sie eine Erste-Hilfe-Schulung (CPR &amp; AED) absolvieren<\/strong><\/p>\n<p data-start=\"85\" data-end=\"413\">Erwerben Sie mit dem <strong data-start=\"168\" data-end=\"213\">Emergency First Response CPR &amp; AED-Kurs<\/strong> die <strong data-start=\"94\" data-end=\"119\">F\u00e4higkeiten und das Selbstvertrauen<\/strong>, um in einem lebensbedrohlichen Notfall zu handeln. In dieser grundlegenden Schulung lernen Sie, wie Sie <strong data-start=\"258\" data-end=\"301\">einen Herzstillstand erkennen und darauf reagieren<\/strong>, sei es mit einem <strong data-start=\"320\" data-end=\"362\">automatischen externen Defibrillator (AED)<\/strong> oder mit <strong data-start=\"377\" data-end=\"410\">traditioneller oder praktischer HLW<\/strong>. <\/p>\n<h4>Warum ein EFR-Kurs?<\/h4>\n<p data-start=\"447\" data-end=\"730\">\u2714 <strong data-start=\"449\" data-end=\"477\">Erlernen Sie lebensrettende F\u00e4higkeiten<\/strong>, um Familie, Freunden oder Fremden in Not zu helfen<br data-start=\"525\" data-end=\"528\">\u2714 <strong data-start=\"530\" data-end=\"558\">Sammeln Sie praktische Erfahrungen<\/strong> mit HLW-Techniken und AED-Bedienung<br data-start=\"596\" data-end=\"599\">\u2714 <strong data-start=\"601\" data-end=\"621\">Bauen Sie Selbstvertrauen<\/strong> auf, um in Notf\u00e4llen ruhig zu bleiben und effektiv zu handeln<br data-start=\"669\" data-end=\"672\">\u2714 <strong data-start=\"674\" data-end=\"710\">Keine medizinische Vorbildung erforderlich<\/strong> &#8211; jeder kann es lernen!<\/p>\n<p data-start=\"732\" data-end=\"899\" data-is-last-node=\"\">In einem Notfall <strong data-start=\"749\" data-end=\"772\">z\u00e4hlt jede Sekunde.<\/strong> Seien Sie bereit, einen Unterschied zu machen, wenn es am wichtigsten ist. <\/p>\n<p>&nbsp;<\/p>\n","protected":false},"excerpt":{"rendered":"<p>Was ist der EFR-Dienst? Der Emergency First Response (EFR)-Dienst soll Personen mit den notwendigen F\u00e4higkeiten ausstatten, um in Notf\u00e4llen erste Hilfe zu leisten. Bei dieser Schulung geht es nicht nur um Herz-Lungen-Wiederbelebung und Erste-Hilfe-Ma\u00dfnahmen, sondern die Teilnehmer lernen auch, wie sie mit verschiedenen Situationen sicher umgehen k\u00f6nnen. Bereiten Sie sich darauf vor, ein Leben zu&hellip;<\/p>\n","protected":false},"featured_media":1502,"comment_status":"open","ping_status":"closed","template":"","meta":[],"product_brand":[],"product_cat":[56],"product_tag":[],"class_list":{"0":"post-1712","1":"product","2":"type-product","3":"status-publish","4":"has-post-thumbnail","6":"product_cat-spezialist","8":"first","9":"instock","10":"shipping-taxable","11":"purchasable","12":"product-type-simple"},"_links":{"self":[{"href":"https:\/\/alynatravel.com\/de\/wp-json\/wp\/v2\/product\/1712","targetHints":{"allow":["GET"]}}],"collection":[{"href":"https:\/\/alynatravel.com\/de\/wp-json\/wp\/v2\/product"}],"about":[{"href":"https:\/\/alynatravel.com\/de\/wp-json\/wp\/v2\/types\/product"}],"replies":[{"embeddable":true,"href":"https:\/\/alynatravel.com\/de\/wp-json\/wp\/v2\/comments?post=1712"}],"wp:featuredmedia":[{"embeddable":true,"href":"https:\/\/alynatravel.com\/de\/wp-json\/wp\/v2\/media\/1502"}],"wp:attachment":[{"href":"https:\/\/alynatravel.com\/de\/wp-json\/wp\/v2\/media?parent=1712"}],"wp:term":[{"taxonomy":"product_brand","embeddable":true,"href":"https:\/\/alynatravel.com\/de\/wp-json\/wp\/v2\/product_brand?post=1712"},{"taxonomy":"product_cat","embeddable":true,"href":"https:\/\/alynatravel.com\/de\/wp-json\/wp\/v2\/product_cat?post=1712"},{"taxonomy":"product_tag","embeddable":true,"href":"https:\/\/alynatravel.com\/de\/wp-json\/wp\/v2\/product_tag?post=1712"}],"curies":[{"name":"wp","href":"https:\/\/api.w.org\/{rel}","templated":true}]}}