{"id":1713,"date":"2024-12-29T11:54:24","date_gmt":"2024-12-29T11:54:24","guid":{"rendered":"https:\/\/sleepy-galileo.213-167-227-117.plesk.page\/product\/tauchlehrer\/"},"modified":"2024-12-29T11:54:24","modified_gmt":"2024-12-29T11:54:24","slug":"tauchlehrer","status":"publish","type":"product","link":"https:\/\/alynatravel.com\/de\/produkt\/tauchlehrer\/","title":{"rendered":"Tauchlehrer"},"content":{"rendered":"<p data-start=\"0\" data-end=\"67\"><strong data-start=\"0\" data-end=\"65\">Werden Sie mit dem Dive Master Kurs ein Leader im Tauchen!<\/strong><\/p>\n<p data-start=\"69\" data-end=\"361\">Sind Sie bereit, Ihr Tauchen auf ein professionelles Niveau zu bringen? Der <strong data-start=\"124\" data-end=\"153\">Dive Master-Kurs<\/strong> erm\u00f6glicht es Ihnen, <strong data-start=\"168\" data-end=\"240\">Unterwassertouren zu leiten, bei Tauchkursen zu assistieren und andere zu inspirieren<\/strong>, den Ozean zu erforschen und zu sch\u00fctzen. Verbessere deine F\u00e4higkeiten, sammle F\u00fchrungserfahrung und werde der Taucher, den alle bewundern.  <\/p>\n<h3 data-start=\"363\" data-end=\"398\"><strong data-start=\"367\" data-end=\"396\">Warum ein Dive Master werden?<\/strong><\/h3>\n<p data-start=\"399\" data-end=\"659\">\u2714 <strong data-start=\"401\" data-end=\"434\">F\u00fchren Sie zertifizierte Taucher<\/strong> bei unglaublichen Unterwasserabenteuern<br data-start=\"470\" data-end=\"473\">\u2714 <strong data-start=\"475\" data-end=\"497\">Assistieren Sie Tauchlehrern<\/strong> bei Trainingseinheiten<br data-start=\"524\" data-end=\"527\">\u2714 <strong data-start=\"529\" data-end=\"562\">Erweitern Sie Ihr Tauchwissen <\/strong>und Ihre Probleml\u00f6sungsf\u00e4higkeiten<br data-start=\"589\" data-end=\"592\">\u2714 <strong data-start=\"594\" data-end=\"629\">Machen Sie Ihre Leidenschaft zum Beruf<\/strong> &#8211; tauchen und reisen Sie gegen Bezahlung<\/p>\n<p data-start=\"661\" data-end=\"982\">Das <strong data-start=\"665\" data-end=\"694\">Dive-Master-Zertifikat<\/strong> ist die <strong data-start=\"707\" data-end=\"753\">angesehenste professionelle Tauchqualifikation <\/strong>der Welt und bietet <strong data-start=\"777\" data-end=\"807\">aufregende Besch\u00e4ftigungsm\u00f6glichkeiten<\/strong> auf der ganzen Welt. Egal, ob Sie in einem tropischen Tauchresort, auf einer Tauchsafari oder vor Ort arbeiten m\u00f6chten, dieser Kurs ist Ihr Tor zu einem <strong data-start=\"940\" data-end=\"979\">abenteuerlichen Leben unter Wasser.<\/strong> <\/p>\n<p data-start=\"984\" data-end=\"1083\" data-is-last-node=\"\"><strong data-start=\"984\" data-end=\"1076\">Beginnen Sie noch heute Ihre Reise als Dive Master und inspirieren Sie die n\u00e4chste Generation von Meeresentdeckern!<\/strong><\/p>\n","protected":false},"excerpt":{"rendered":"<p>Werden Sie mit dem Dive Master Kurs ein Leader im Tauchen! Sind Sie bereit, Ihr Tauchen auf ein professionelles Niveau zu bringen? Der Dive Master-Kurs erm\u00f6glicht es Ihnen, Unterwassertouren zu leiten, bei Tauchkursen zu assistieren und andere zu inspirieren, den Ozean zu erforschen und zu sch\u00fctzen. Verbessere deine F\u00e4higkeiten, sammle F\u00fchrungserfahrung und werde der Taucher,&hellip;<\/p>\n","protected":false},"featured_media":1501,"comment_status":"open","ping_status":"closed","template":"","meta":[],"product_brand":[],"product_cat":[55],"product_tag":[],"class_list":{"0":"post-1713","1":"product","2":"type-product","3":"status-publish","4":"has-post-thumbnail","6":"product_cat-professionell","8":"first","9":"instock","10":"shipping-taxable","11":"purchasable","12":"product-type-simple"},"_links":{"self":[{"href":"https:\/\/alynatravel.com\/de\/wp-json\/wp\/v2\/product\/1713","targetHints":{"allow":["GET"]}}],"collection":[{"href":"https:\/\/alynatravel.com\/de\/wp-json\/wp\/v2\/product"}],"about":[{"href":"https:\/\/alynatravel.com\/de\/wp-json\/wp\/v2\/types\/product"}],"replies":[{"embeddable":true,"href":"https:\/\/alynatravel.com\/de\/wp-json\/wp\/v2\/comments?post=1713"}],"wp:featuredmedia":[{"embeddable":true,"href":"https:\/\/alynatravel.com\/de\/wp-json\/wp\/v2\/media\/1501"}],"wp:attachment":[{"href":"https:\/\/alynatravel.com\/de\/wp-json\/wp\/v2\/media?parent=1713"}],"wp:term":[{"taxonomy":"product_brand","embeddable":true,"href":"https:\/\/alynatravel.com\/de\/wp-json\/wp\/v2\/product_brand?post=1713"},{"taxonomy":"product_cat","embeddable":true,"href":"https:\/\/alynatravel.com\/de\/wp-json\/wp\/v2\/product_cat?post=1713"},{"taxonomy":"product_tag","embeddable":true,"href":"https:\/\/alynatravel.com\/de\/wp-json\/wp\/v2\/product_tag?post=1713"}],"curies":[{"name":"wp","href":"https:\/\/api.w.org\/{rel}","templated":true}]}}