{"id":1714,"date":"2024-12-29T11:52:44","date_gmt":"2024-12-29T11:52:44","guid":{"rendered":"https:\/\/sleepy-galileo.213-167-227-117.plesk.page\/product\/rettungstaucher\/"},"modified":"2024-12-29T11:52:44","modified_gmt":"2024-12-29T11:52:44","slug":"rettungstaucher","status":"publish","type":"product","link":"https:\/\/alynatravel.com\/de\/produkt\/rettungstaucher\/","title":{"rendered":"Rettungstaucher"},"content":{"rendered":"<p data-start=\"0\" data-end=\"71\"><strong data-start=\"0\" data-end=\"69\">Werden Sie ein selbstbewusster Taucher mit dem Rescue Diver Kurs!<\/strong><\/p>\n<p data-start=\"73\" data-end=\"376\">Der <strong data-start=\"77\" data-end=\"105\">Rescue Diver Kurs<\/strong> wird <strong data-start=\"111\" data-end=\"141\">deine Art zu tauchen ver\u00e4ndern<\/strong> &#8211; er hilft dir, ein <strong data-start=\"163\" data-end=\"202\">sicherer, besser vorbereiteter und selbstbewusster<\/strong> Taucher zu werden. Du lernst,<strong data-start=\"226\" data-end=\"284\"> kleinere Probleme zu erkennen und zu vermeiden, bevor sie eskalieren<\/strong>, Notfallsituationen effektiv zu bew\u00e4ltigen und <strong data-start=\"331\" data-end=\"373\">wichtige Probleml\u00f6sungsf\u00e4higkeiten zu entwickeln.<\/strong> <\/p>\n<p data-start=\"378\" data-end=\"611\">Dieser Kurs ist nicht nur<strong data-start=\"402\" data-end=\"431\"> einer der lohnendsten,<\/strong> sondern macht auch eine Menge Spa\u00df! Sie werden sich selbst herausfordern, mit anderen Tauchern zusammenarbeiten und ein tieferes Verst\u00e4ndnis der Tauchsicherheit erlangen &#8211; und das alles bei einem <strong data-start=\"580\" data-end=\"608\">unvergesslichen Erlebnis.<\/strong> <\/p>\n<h3 data-start=\"613\" data-end=\"661\"><strong data-start=\"617\" data-end=\"659\">Warum den Rescue Diver Kurs machen?<\/strong><\/h3>\n<p data-start=\"662\" data-end=\"926\">\u2714 <strong data-start=\"664\" data-end=\"689\">Steigern Sie Ihr Selbstvertrauen<\/strong> im Umgang mit Tauchnotf\u00e4llen<br data-start=\"718\" data-end=\"721\">\u2714 <strong data-start=\"723\" data-end=\"756\">Erlernen Sie wichtige Rettungsfertigkeiten<\/strong>, um sich selbst und anderen zu helfen<br data-start=\"784\" data-end=\"787\">\u2714 <strong data-start=\"789\" data-end=\"826\">Verbessern Sie Ihre Probleml\u00f6sungsf\u00e4higkeiten<\/strong> f\u00fcr ein sichereres Tauchen<br data-start=\"843\" data-end=\"846\">\u2714 <strong data-start=\"848\" data-end=\"882\">Verbessern Sie Ihre F\u00fchrungsqualit\u00e4ten<\/strong> &#8211; ein gro\u00dfer Schritt auf dem Weg zum Divemaster<\/p>\n<p data-start=\"928\" data-end=\"1043\" data-is-last-node=\"\">Sind Sie bereit, ein besser vorbereiteter und f\u00e4higer Taucher zu werden? <strong data-start=\"987\" data-end=\"1038\">Melden Sie sich noch heute f\u00fcr den Rescue Diver Kurs an!<\/strong><\/p>\n","protected":false},"excerpt":{"rendered":"<p>Werden Sie ein selbstbewusster Taucher mit dem Rescue Diver Kurs! Der Rescue Diver Kurs wird deine Art zu tauchen ver\u00e4ndern &#8211; er hilft dir, ein sicherer, besser vorbereiteter und selbstbewusster Taucher zu werden. Du lernst, kleinere Probleme zu erkennen und zu vermeiden, bevor sie eskalieren, Notfallsituationen effektiv zu bew\u00e4ltigen und wichtige Probleml\u00f6sungsf\u00e4higkeiten zu entwickeln. Dieser&hellip;<\/p>\n","protected":false},"featured_media":1369,"comment_status":"open","ping_status":"closed","template":"","meta":[],"product_brand":[],"product_cat":[56],"product_tag":[],"class_list":{"0":"post-1714","1":"product","2":"type-product","3":"status-publish","4":"has-post-thumbnail","6":"product_cat-spezialist","8":"first","9":"instock","10":"shipping-taxable","11":"purchasable","12":"product-type-simple"},"_links":{"self":[{"href":"https:\/\/alynatravel.com\/de\/wp-json\/wp\/v2\/product\/1714","targetHints":{"allow":["GET"]}}],"collection":[{"href":"https:\/\/alynatravel.com\/de\/wp-json\/wp\/v2\/product"}],"about":[{"href":"https:\/\/alynatravel.com\/de\/wp-json\/wp\/v2\/types\/product"}],"replies":[{"embeddable":true,"href":"https:\/\/alynatravel.com\/de\/wp-json\/wp\/v2\/comments?post=1714"}],"wp:featuredmedia":[{"embeddable":true,"href":"https:\/\/alynatravel.com\/de\/wp-json\/wp\/v2\/media\/1369"}],"wp:attachment":[{"href":"https:\/\/alynatravel.com\/de\/wp-json\/wp\/v2\/media?parent=1714"}],"wp:term":[{"taxonomy":"product_brand","embeddable":true,"href":"https:\/\/alynatravel.com\/de\/wp-json\/wp\/v2\/product_brand?post=1714"},{"taxonomy":"product_cat","embeddable":true,"href":"https:\/\/alynatravel.com\/de\/wp-json\/wp\/v2\/product_cat?post=1714"},{"taxonomy":"product_tag","embeddable":true,"href":"https:\/\/alynatravel.com\/de\/wp-json\/wp\/v2\/product_tag?post=1714"}],"curies":[{"name":"wp","href":"https:\/\/api.w.org\/{rel}","templated":true}]}}