{"id":1716,"date":"2024-12-29T11:46:52","date_gmt":"2024-12-29T11:46:52","guid":{"rendered":"https:\/\/sleepy-galileo.213-167-227-117.plesk.page\/product\/open-water-diver\/"},"modified":"2024-12-29T11:46:52","modified_gmt":"2024-12-29T11:46:52","slug":"open-water-diver","status":"publish","type":"product","link":"https:\/\/alynatravel.com\/de\/produkt\/open-water-diver\/","title":{"rendered":"Open Water Diver"},"content":{"rendered":"<h4 data-start=\"155\" data-end=\"217\"><strong data-start=\"160\" data-end=\"215\">Tauchen lernen mit Alyna Travel<\/strong><\/h4>\n<p data-start=\"219\" data-end=\"464\">Entdecken Sie die Sch\u00f6nheit des Roten Meeres, w\u00e4hrend Sie grundlegende Tauchfertigkeiten erlernen und einen Beitrag zum Meeresschutz leisten. Dieser praktische Kurs in <strong data-start=\"363\" data-end=\"382\">Hurghada, \u00c4gypten<\/strong>, ist perfekt f\u00fcr Anf\u00e4nger, die die Unterwasserwelt verantwortungsvoll erkunden m\u00f6chten. <\/p>\n<h4 data-start=\"466\" data-end=\"495\"><strong data-start=\"471\" data-end=\"493\">H\u00f6hepunkte des Kurses:<\/strong><\/h4>\n<p data-start=\"496\" data-end=\"919\">\u2705 <strong data-start=\"498\" data-end=\"527\">Open Water Diver Training <\/strong>&#8211; Lernen Sie, wie man eine Tauchausr\u00fcstung zusammenbaut und benutzt, die Tarierung beherrscht und mit den \u00fcblichen Tauchproblemen umgeht.<br data-start=\"633\" data-end=\"636\">\u2705 <strong data-start=\"638\" data-end=\"672\">Meeresschutzerfahrung <\/strong>&#8211; Nehmen Sie an einem umweltfreundlichen Tauchgang teil und helfen Sie, das Leben im Meer zu sch\u00fctzen, indem Sie M\u00fcll entfernen und nachhaltige Tauchpraktiken erlernen.<br data-start=\"802\" data-end=\"805\">\u2705 <strong data-start=\"807\" data-end=\"829\">Experten-Tauchlehrer<\/strong> &#8211; Trainieren Sie mit erfahrenen Tauchprofis in den kristallklaren Gew\u00e4ssern des Roten Meeres.<\/p>\n<p data-start=\"921\" data-end=\"1058\">Kommen Sie mit <strong data-start=\"926\" data-end=\"942\">Alyna Travel<\/strong> nach <strong data-start=\"946\" data-end=\"958\">Hurghada<\/strong> und erleben Sie ein unvergessliches Tauchabenteuer, das Erkundung und Umweltschutz miteinander verbindet<\/p>\n","protected":false},"excerpt":{"rendered":"<p>Tauchen lernen mit Alyna Travel Entdecken Sie die Sch\u00f6nheit des Roten Meeres, w\u00e4hrend Sie grundlegende Tauchfertigkeiten erlernen und einen Beitrag zum Meeresschutz leisten. Dieser praktische Kurs in Hurghada, \u00c4gypten, ist perfekt f\u00fcr Anf\u00e4nger, die die Unterwasserwelt verantwortungsvoll erkunden m\u00f6chten. H\u00f6hepunkte des Kurses: \u2705 Open Water Diver Training &#8211; Lernen Sie, wie man eine Tauchausr\u00fcstung zusammenbaut&hellip;<\/p>\n","protected":false},"featured_media":1499,"comment_status":"open","ping_status":"closed","template":"","meta":[],"product_brand":[],"product_cat":[56],"product_tag":[],"class_list":{"0":"post-1716","1":"product","2":"type-product","3":"status-publish","4":"has-post-thumbnail","6":"product_cat-spezialist","8":"first","9":"instock","10":"virtual","11":"purchasable","12":"product-type-simple"},"_links":{"self":[{"href":"https:\/\/alynatravel.com\/de\/wp-json\/wp\/v2\/product\/1716","targetHints":{"allow":["GET"]}}],"collection":[{"href":"https:\/\/alynatravel.com\/de\/wp-json\/wp\/v2\/product"}],"about":[{"href":"https:\/\/alynatravel.com\/de\/wp-json\/wp\/v2\/types\/product"}],"replies":[{"embeddable":true,"href":"https:\/\/alynatravel.com\/de\/wp-json\/wp\/v2\/comments?post=1716"}],"wp:featuredmedia":[{"embeddable":true,"href":"https:\/\/alynatravel.com\/de\/wp-json\/wp\/v2\/media\/1499"}],"wp:attachment":[{"href":"https:\/\/alynatravel.com\/de\/wp-json\/wp\/v2\/media?parent=1716"}],"wp:term":[{"taxonomy":"product_brand","embeddable":true,"href":"https:\/\/alynatravel.com\/de\/wp-json\/wp\/v2\/product_brand?post=1716"},{"taxonomy":"product_cat","embeddable":true,"href":"https:\/\/alynatravel.com\/de\/wp-json\/wp\/v2\/product_cat?post=1716"},{"taxonomy":"product_tag","embeddable":true,"href":"https:\/\/alynatravel.com\/de\/wp-json\/wp\/v2\/product_tag?post=1716"}],"curies":[{"name":"wp","href":"https:\/\/api.w.org\/{rel}","templated":true}]}}